{"id":1255,"date":"2018-07-05T08:01:52","date_gmt":"2018-07-05T08:01:52","guid":{"rendered":"http:\/\/captive.ro\/?page_id=1255"},"modified":"2018-07-05T08:05:00","modified_gmt":"2018-07-05T08:05:00","slug":"politica-privind-supravegherea-prin-mijloace-video","status":"publish","type":"page","link":"https:\/\/captive.ro\/en\/politica-privind-supravegherea-prin-mijloace-video\/","title":{"rendered":"Politica privind supravegherea prin mijloace video"},"content":{"rendered":"<p>[vc_row][vc_column][vc_column_text]<\/p>\n<h2 style=\"text-align: center;\"><span style=\"color: #ffffff;\"><strong>Politica privind supravegherea prin mijloace video<\/strong><\/span><\/h2>\n<p>&nbsp;<\/p>\n<p>A punctului de lucru situat in Bucuresti, sector 2, str. Sergent Nastase Pamfil, nr. 38, etaj 2.<\/p>\n<p><strong>REFERIN\u0162E NORMATIVE SI CONDITII DE LEGITIMITATE<\/strong><\/p>\n<p>a) Legea nr. 333 din 8 iulie 2003 privind paza obiectivelor, bunurilor, valorilor \u015fi protec\u0163ia persoanelor, cu modific\u0103rile \u015fi complet\u0103rile ulterioare;<br \/>\nb) Hot\u0103r\u00e2rea nr. 301 din 11 aprilie 2012 pentru aprobarea Normelor Metodologice a Legii nr. 333\/2003 privind paza obiectivelor, bunurilor, valorilor si protectia persoanelor<br \/>\nc) Legea nr. 677\/2001 pentru protec\u0163ia persoanelor cu privire la prelucrarea datelor cu caracter personal \u015fi libera circula\u0163ie a acestor date, cu modific\u0103rile \u015fi complet\u0103rile ulterioare;<br \/>\nd) Ordinul nr. 52 din 18 aprilie 2002 privind aprobarea Cerin\u0163elor minime de securitate a prelucr\u0103rilor de date cu caracter personal; e) Decizia ANSPDCP nr 52 din 31 mai 2012 privind prelucrarea datelor cu caracter personal prin utilizarea mijloacelor de supraveghere video;<br \/>\nf) Instruc\u0163iunile Autorit\u0103\u0163ii Europene de Protec\u0163ie a Datelor Personale privind supravegherea video, publicate 17 martie 2010, Bruxelles;<br \/>\ng) Regulamentul Intern;<br \/>\nh) Fi\u015fele posturilor.<\/p>\n<p><strong>DOMENIUL<\/strong><\/p>\n<p>\u2022 Politica se aplic\u0103 \u00een cadrul activit\u0103\u0163ii de supraveghere prin mijloace video. Utilizarea sistemului video este necesar\u0103 pentru buna administrare \u015fi func\u0163ionare a activitatii SC Captiv Concern SRL, \u00een special \u00een vederea supravegherii jocului de escape room, dar si a controlului de securitate \u015fi paz\u0103.<br \/>\n\u2022 Politica privind supravegherea prin mijloace video descrie sistemul video al SC Captiv Concern SRL \u015fi m\u0103surile de protec\u0163ie luate de aceasta pentru a proteja datele cu caracter personal, via\u0163a privata \u015fi alte drepturi fundamentale precum \u015fi interese legitime ale persoanelor filmate de camere.<br \/>\n\u2022 Prezenta Politic\u0103 privind supravegherea prin mijloace video poate fi accesat\u0103 la adresa de web captive.ro\/ .<\/p>\n<p><strong>CON\u0162INUTUL SI SCOPUL PROCEDURII<\/strong><\/p>\n<p><strong>Aceast\u0103 politic\u0103 stabile\u015fte:<\/strong><br \/>\na) Un set unitar de reguli care reglementeaz\u0103 implementarea \u015fi utilizarea sistemului de supraveghere video \u00een scopul asigur\u0103rii bunei desfasurari a jocului de escape room, in scopul asigurarii securit\u0103\u0163ii persoanelor \u015fi bunurilor, pazei \u015fi protec\u0163iei bunurilor, imobilului si a valorilor SC Captiv Concern SRL, respect\u00e2nd \u00een acela\u015fi timp obliga\u0163iile ce revin societatii \u015fi m\u0103surile de securitate adoptate pentru protec\u0163ia datelor cu caracter personal, protejarea vie\u0163ii private, a intereselor legitime \u015fi garantarea drepturilor fundamentale ale persoanelor vizate.<br \/>\nb) Responsabilit\u0103\u0163ile privind administrarea \u015fi exploatarea sistemului de supraveghere prin mijloace video, precum \u015fi cele privind \u00eentocmirea, avizarea \u015fi aprobarea documentelor aferente acestor activit\u0103\u0163i.<br \/>\nPolitica privind utilizarea sistemelor video este disponibil\u0103 pe pagina de internet a SC Captiv Concern SRL<br \/>\nO revizuire periodic\u0103 va fi \u00eentreprins\u0103 anual de c\u0103tre structurile responsabile cu asigurarea securit\u0103\u0163ii \u015fi va reanaliza:<br \/>\n(i) necesitatea men\u0163inerii \u00een uz a sistemului;<br \/>\n(ii) \u00eendeplinirea scopului declarant;<br \/>\n(iii) posibile alternative adecvate la sistem si<br \/>\n(iv) prezenta politic\u0103 respect\u0103 \u00een continuare Legea 677\/2001<\/p>\n<p>SC Captiv Concern SRL utilizeaz\u0103 sistemul de supraveghere video \u00een scopul bunei desfasurari a activitatii, dar si in scop de siguranta si securitate. Cu ajutorul acestui sistem se supravegheaza jocul echipelor in camerele de escape room, se dau indicii, se intervine in cazuri speciale, se monitorizeaza accesul \u00een incinta, se asigur\u0103 securitatea bunurilor \u015fi siguran\u0163a persoanelor &#8211; angaja\u0163i ai SC Captiv Concern SRL si vizitatori\/clienti -, precum \u015fi a propriet\u0103\u0163ilor \u015fi informa\u0163iilor de\u0163inute.<br \/>\nSistemul de supraveghere video completeaz\u0103 celelalte m\u0103suri fizice de securitate \u015fi ajut\u0103 la prevenirea si combaterea accidentelor in timpul jocului, dar \u015fi la prevenirea si combaterea si, dac\u0103 e cazul, cercetarea accesului fizic neautorizat, inclusiv a accesului neautorizat la spa\u0163iile securizate. \u00cen plus, sistemul de supraveghere video ajut\u0103 la prevenirea, detectarea \u015fi investigarea furturilor de bunuri de\u0163inute de SC Captiv Concern SRL sau la prevenirea, detectarea \u015fi investigarea riscurilor \u015fi amenin\u0163\u0103rilor la adresa clintilor si a personalului angajat care \u00ee\u015fi desf\u0103\u015foar\u0103 activitatea la loca\u0163ia supravegheat\u0103. Sistemul de supraveghere video nu este utilizat \u00een alt scop dec\u00e2t cel notificat, nu folose\u015fte la monitorizarea activit\u0103\u0163ii angaja\u0163ilor sau la pontaj. Mai mult, sistemul poate constitui mijloc de investigare sau de ob\u0163inere a unor informa\u0163ii pentru anchetele interne sau procedurile disciplinare, inclusiv in cazul situa\u0163iilor \u00een care se produce un incident de securitate fizic\u0103 sau se observ\u0103 un comportament infrac\u0163ional (\u00een circumstan\u0163e excep\u0163ionale imaginile pot fi transferate organelor de cercetare \u00een cadrul unei investiga\u0163ii disciplinare sau penale).<\/p>\n<p><strong>ZONELE SUPRAVEGHEATE<\/strong><\/p>\n<p>Sistemul de supraveghere prin mijloace video cuprinde etajul doi al cladirii situate in str. Sergent Nastase Pamfil, nr 38, sector 2, Bucuresti.<\/p>\n<p><strong>Se supravegheaz\u0103 prin mijloace video:<\/strong><br \/>\n\u2022 cele cinci camere de joc:<\/p>\n<p>&#8211; Langdon&#8217;s Challenge<\/p>\n<p>&#8211; Puzzling Colors<\/p>\n<p>&#8211; Captive Outside Reality<\/p>\n<p>&#8211; Nowhere to hide<\/p>\n<p>&#8211; Coca-Cola &#8211; The Secret<br \/>\n\u2022 receptia;<\/p>\n<p>\u2022 amplasarea camerelor a fost atent revizuit\u0103 pentru a asigura limitarea pe c\u00e2t posibil a monitoriz\u0103rii zonelor care nu prezint\u0103 interes pentru scopul urm\u0103rit.<br \/>\n\u2022 nu sunt monitorizate zonele \u00een care exist\u0103 un nivel ridicat al a\u015ftept\u0103rilor privind via\u0163a privat\u0103, precum toaletele \u015fi alte loca\u0163ii similare.<br \/>\n\u2022 \u00een mod excep\u0163ional, \u00een cazul unor necesit\u0103\u0163i \u00een materie de securitate justificate \u00een mod corespunz\u0103tor, se pot instala camere \u00een astfel de locuri, \u00eens\u0103 numai dup\u0103 efectuarea unei evalu\u0103ri de impact \u015fi dup\u0103 informarea responsabilului cu protec\u0163ia datelor personale. \u00cen astfel de cazuri, se va amplasa un anun\u0163 specific \u015fi vizibil \u00een locurile respective.<\/p>\n<ul>\n<li>atat angajatii, cat si clientii SC Captiv Concern SRL sunt instiintati ca sunt supravegheati prin mijloace video.<\/li>\n<\/ul>\n<p><strong>DATELE CU CARACTER PERSONAL COLECTATE PRIN INTERMEDIUL SUPRAVEGHERII VIDEO<\/strong><\/p>\n<p><strong>Date Speciale<\/strong><br \/>\n\u2022 Sistemul video al SC Captiv Concern SRL nu are ca scop captarea (de exemplu prin focalizare sau orientare selectiv\u0103) sau prelucrarea imaginilor (de exemplu, indexare, creare de profiluri) care dezv\u0103luie \u201ecategorii speciale de date\u201d.<br \/>\n\u2022 SC Captiv Concern SRL nu inten\u0163ioneaz\u0103 s\u0103 utilizeze sistemul de supraveghere \u015fi \u00een mod ad hoc, respectiv cu caracter temporar, de circumstan\u0163\u0103.<\/p>\n<p>&nbsp;<\/p>\n<p><strong>Descrierea \u015fi specifica\u0163iile tehnice ale sistemului\u00a0<\/strong><strong><br \/>\n<\/strong>\u2022 \u00cen mod conven\u0163ional sistemul de supraveghere video este un sistem static. Are ca func\u0163ie \u00eenregistrarea imaginilor \u015fi este echipat cu senzori de mi\u015fcare. Sistemul poate \u00eenregistra orice mi\u015fcare detectat\u0103 de camerele instalate \u00een zona supravegheat\u0103, al\u0103turi de dat\u0103, or\u0103 \u015fi loca\u0163ie. Toate camerele sunt func\u0163ionale 24 de ore, 7 zile pe s\u0103pt\u0103m\u00e2n\u0103. Atunci c\u00e2nd este necesar, calitatea imaginilor permite recunoa\u015fterea celor care trec prin zona de ac\u0163iune a camerelor. Pentru o mai mare siguran\u0163\u0103 a prelucr\u0103rii datelor care pot fi ob\u0163inute \u00een urma supravegherii video, camerele sunt fixe (f\u0103r\u0103 func\u0163ie de zoom), astfel utilizatorul nu poate modifica perimetrul\/scopul supravegherii. Operatorii special instrui\u0163i trebuie sa respecte set\u0103rile de confiden\u0163ialitate \u015fi drepturile de acces.<br \/>\n\u2022 Nu exist\u0103 interconexiune cu alte sisteme.<\/p>\n<p><strong>Beneficiile sistemului de supraveghere<\/strong><br \/>\n\u2022 Cre\u015fterea controlului asupra desfasurarii jocului in camerele de escape room si prevenirea eventualelor incidente;<br \/>\n\u2022 Restric\u0163ionarea accesului persoanelor str\u0103ine;<br \/>\n\u2022 Eliminarea pierderilor cauzate de evenimente neprev\u0103zute;<br \/>\n\u2022 Respectarea normativelor \u015fi legisla\u0163iei \u00een vigoare pentru obiectivele cu risc.<\/p>\n<p><strong>PROTEJAREA VIE\u0162II PRIVATE \u015eI SECURITATEA INFORMA\u0162IILOR<\/strong><\/p>\n<p>Pentru a proteja securitatea sistemului video \u015fi pentru a spori gradul de protec\u0163ie a vie\u0163ii, au fost introduse urm\u0103toarele m\u0103suri tehnice \u015fi organizatorice:<br \/>\n\u2022 limitarea timpului de stocare a materialului filmat, \u00een conformitate cu cerin\u0163ele de securitate; \u2022mediile de stocare (serverele pe care se stocheaz\u0103 imaginile \u00eenregistrate) se afl\u0103 \u00een spa\u0163ii securizate, protejate de m\u0103suri de securitate fizic\u0103;<br \/>\n\u2022 to\u0163i utilizatorii cu drept de acces au semnat declara\u0163ii de confiden\u0163ialitate, prin care se oblig\u0103 s\u0103 respecte prevederile legale \u00een domeniu;<br \/>\n\u2022 dreptul de acces se acord\u0103 utilizatorilor pe baza nevoii de a cunoa\u015fte, doar pentru acele resurse care sunt strict necesare pentru \u00eendeplinirea atribu\u0163iilor de serviciu;<br \/>\n\u2022 to\u0163i membrii personalului (at\u00e2t externi, c\u00e2t \u015fi interni) semneaz\u0103 acorduri de confiden\u0163ialitate.<br \/>\n\u2022 Doar administratorul societatii are dreptul de a acorda, modifica sau anula dreptul de acces al utilizatorilor, conform procedurii generale de acces la bazele de date. Acesta tine \u00een permanent o list\u0103 actualizat\u0103 a tuturor persoanelor care au drept de acces la sistemul de supraveghere video, cu specificarea tipului de acces.<\/p>\n<p><strong>ACCESUL LA DATELE PERSONALE \u015eI DEZV\u0102LUIREA ACESTORA<\/strong><\/p>\n<p><strong>Drepturi de acces<\/strong><br \/>\nAccesul la imaginile stocate \u015fi\/ sau la arhitectura tehnic\u0103 a sistemului de supraveghere video este limitat la un num\u0103r redus de persoane \u015fi este determinat prin atribu\u0163iile specificate \u00een deciziile interne ale SC Captiv Concern SRL (\u00een ce scop \u015fi ce tip de acces). \u00cen special, SC Captiv Concern SRL impune limite \u00een privin\u0163a persoanelor care au dreptul:<br \/>\n\u2022 S\u0103 vizioneze materialul filmat \u00een timp real: imaginile care se deruleaz\u0103 \u00een timp real sunt accesibile responsabililor desemna\u0163i s\u0103 desf\u0103\u015foare activitatea de supraveghere;<br \/>\n\u2022 S\u0103 vizioneze \u00eenregistrarea materialului filmat: vizionarea imaginilor \u00eenregistrate se va face \u00een cazuri justificate, cum ar fi cazurile prev\u0103zute expres de lege \u015fi incidentele de securitate, de c\u0103tre persoanele special desemnate;<br \/>\n\u2022 S\u0103 copieze, s\u0103 descarce, s\u0103 \u015ftearg\u0103 sau s\u0103 modifice orice material filmat.<\/p>\n<p>&nbsp;<\/p>\n<p>Instructaj<br \/>\n\u2022 To\u0163i membrii personalului cu drepturi de acces beneficiaz\u0103 de o instruire initiala \u00een domeniul protec\u0163iei datelor. Aceast\u0103 procedur\u0103 va fi integrata \u00een programul de instruire \u015fi \u00eendrumare, pentru to\u0163i utilizatorii cu drept de acces \u015fi atribu\u0163ii \u00een operarea sistemului de supraveghere video.<\/p>\n<p><strong>M\u0103suri de p\u0103strare a confiden\u0163ialit\u0103\u0163ii<\/strong><br \/>\nDup\u0103 instructaj, fiecare participant semneaz\u0103 o declara\u0163ie de confiden\u0163ialitate.<\/p>\n<p><strong>Dezv\u0103luirea datelor cu caracter personal<\/strong><br \/>\n\u2022 Orice activitate de dezv\u0103luire a datelor personale c\u0103tre ter\u0163i va fi documentat\u0103 \u015fi supus\u0103 unei analize riguroase privind pe de-o parte necesitatea comunic\u0103rii, \u015fi pe de alt\u0103 parte compatibilitatea dintre scopul \u00een care se face comunicarea \u015fi scopul \u00een care aceste date au fost colectate ini\u0163ial pentru prelucrare (de securitate \u015fi control acces). Orice situa\u0163ie de dezv\u0103luire va fi consemnat\u0103 de administratorul sistemului \u00eentr-un Registru de eviden\u0163\u0103 a cazurilor de dezv\u0103luire.<br \/>\n\u2022 SC Captiv Concern SRL are obliga\u0163ia punerii la dispozi\u0163ia organelor judiciare, la solicitarea scris\u0103 a acestora, \u00eenregistr\u0103rile video \u00een care este surprins\u0103 s\u0103v\u00e2r\u015firea unor fapte de natur\u0103 penal\u0103.<br \/>\n\u2022 Sistemul de supraveghere video nu este utilizat pentru verificarea prezen\u0163ei la program sau evaluarea performan\u0163ei la locul de munc\u0103. \u00cen cazuri excep\u0163ionale, dar cu respectarea garan\u0163iilor descrise mai sus, se poate acorda acces Comisiei Disciplinare, \u00een cadrul unei anchete disciplinare, cu condi\u0163ia ca informa\u0163iile s\u0103 ajute la investigarea unei infrac\u0163iuni sau a unei abateri disciplinare de natur\u0103 s\u0103 prejudicieze drepturile \u015fi libert\u0103\u0163ile unei persoane.<br \/>\n\u2022 Orice \u00eenc\u0103lcare a securit\u0103\u0163ii \u00een ceea ce prive\u015fte camerele video este indicata \u00een registrul de investiga\u0163ii, iar SC Captiv Concern SRL va fi informata \u00een leg\u0103tur\u0103 cu acest lucru c\u00e2t mai repede posibil.<\/p>\n<p><strong>DURATA DE STOCARE<\/strong><\/p>\n<p>\u2022 Durata de stocare a datelor ob\u0163inute prin intermediul sistemului de supraveghere video este proportional cu scopul pentru care se prelucreaz\u0103 datele, astfel c\u0103 imaginile sunt stocate pentru o perioad\u0103 care nu dep\u0103\u015fe\u015fte 30 de zile, dup\u0103 care se \u015fterg prin procedur\u0103 automata \u00een ordinea \u00een care au fost \u00eenregistrate. \u00cen cazul producerii unui incident de securitate, durata de p\u0103strare a materialului filmat relevant poate dep\u0103\u015fi limitele normale \u00een func\u0163ie de timpul necesar investig\u0103rii suplimentare a incidentului de securitate. P\u0103strarea este documentat\u0103 riguros, iar necesitatea p\u0103str\u0103rii este revizuit\u0103 periodic.<br \/>\n\u2022 Dac\u0103 durata de stocare dep\u0103\u015fe\u015fte termenul prev\u0103zut prin prezenta politic\u0103, aceasta se va consemna \u00een Registrul \u00eenregistr\u0103rilor care dep\u0103\u015fesc durata de stocare, gestionat de administratorul sistemului.<\/p>\n<p><strong>DREPTURILE PERSOANEI VIZATE<\/strong><\/p>\n<p>SC Captiv Concern SRL garanteaz\u0103 c\u0103 asigur\u0103 respectarea drepturilor ce revin personelor vizate, conform legii. Toate persoanele implicate \u00een activitatea de supraveghere video \u015fi cele responsabile de administrarea imaginilor filmate, vor respecta Procedura de acces la date cu caracter personal.<\/p>\n<p><strong>Informarea persoanelor vizate<\/strong><br \/>\n\u2022 Informarea primar\u0103 a persoanelor vizate se realizeaz\u0103 \u00een mod clar \u015fi permanent, prin intermediul unui semn adecvat, cu vizibilitate suficient\u0103 \u015fi localizat \u00een zona supravegheat\u0103, astfel incat s\u0103 semnaleze existen\u0163a camerelor de supraveghere, dar \u015fi pentru a comunica informa\u0163iile esen\u0163iale privind prelucrarea datelor personale.<br \/>\n\u2022 Persoanele vizate sunt aten\u0163ionate asupra existen\u0163ei sistemului de supraveghere video prin Regulamentul Intern al Companiei care cuprinde si scopul prelucr\u0103rii<\/p>\n<p><strong>Exercitarea drepturilor de acces, interven\u0163ie \u015fi opozi\u0163ie<\/strong><br \/>\n\u2022 Pe \u00eentreaga perioad\u0103 de stocare a datelor cu caracter personal, persoanele vizate au dreptul de acces la datele personale care le privesc de\u0163inute de SC Captiv Concern SRL, de a solicita interven\u0163ia (\u015ftergere\/actualizare\/rectificare\/anonimizare) sau de a se opune preluc\u0103rilor, conform legii.<br \/>\n\u2022 Orice cerere de a accesa, rectifica, bloca \u015fi\/sau \u015fterge date cu caracter personal ca urmare a utiliz\u0103rii camerelor video ar trebui s\u0103 fie adresat\u0103 SC Captiv Concern SRL.<br \/>\n\u2022 R\u0103spunsul la solicitarea de acces, interven\u0163ie sau opozi\u0163ie se d\u0103 \u00een termen de 30 zile calendaristice. Dac\u0103 nu se poate respecta acest termen, persoana vizat\u0103 va fi informat\u0103 asupra motivului de am\u00e2nare a r\u0103spunsului, de asemenea i se va comunica \u015fi procedura care va urma pentru solu\u0163ionarea cererii. \u2022Dac\u0103 exist\u0103 solicitarea expres\u0103 a persoanei vizate, se poate acorda dreptul de a vizualiza imaginile \u00eenregistrate care o privesc sau i se poate trimite o copie a acestora. Imaginile furnizate vor fi clare, \u00een m\u0103sura posibilit\u0103\u0163ii, cu condi\u0163ia de a nu prejudicia drepturile ter\u0163ilor (persoana vizat\u0103 va putea vizualiza doar propria imagine, imaginile altor persoanelor care pot ap\u0103rea \u00een \u00eenregistrare vor fi editate astfel \u00eenc\u00e2t s\u0103 nu fie posibil\u0103 recunoa\u015fterea\/identificarea lor). \u00cen cazul unei asemenea solicit\u0103ri, persoana vizat\u0103 este obligat\u0103 s\u0103 se identifice dincolo de orice suspiciune (s\u0103 prezinte actul de identitate c\u00e2nd particip\u0103 la vizionare), s\u0103 men\u0163ioneze data, ora, loca\u0163ia \u015fi \u00eemprejur\u0103rile \u00een care a fost \u00eenregistrat\u0103 de camerele de supraveghere. De asemenea, persoana vizat\u0103 va prezenta \u015fi o fotografie recent\u0103 astfel \u00eenc\u00e2t utilizatorii desemna\u0163i s\u0103 o poat\u0103 identifica mai usor \u00een imaginile filmate. Persoana va putea vizualiza doar propria imagine, imaginile persoanelor care pot ap\u0103rea \u00een \u00eenregistrare vor fi editate astfel \u00eenc\u00e2t s\u0103 nu fie posibil\u0103 recunoa\u015fterea\/identificarea lor.<br \/>\n\u2022 Exist\u0103 posibilitatea refuz\u0103rii dreptului de acces \u00een situa\u0163ia \u00een care se aplic\u0103 excep\u0163iile prev\u0103zute de lege. Necesitatea de a restric\u0163iona accesul se poate impune \u015fi \u00een cazul \u00een care exist\u0103 obliga\u0163ia de a proteja drepturile \u015fi libert\u0103\u0163ile unor ter\u0163e persoane, de exemplu dac\u0103 \u00een imagini apar \u015fi alte persoane \u015fi nu exist\u0103 posibilitatea de a ob\u0163ine consim\u0163\u0103m\u00e2ntul lor sau nu se pot extrage, prin editarea imaginilor, datele personale nerelevante.[\/vc_column_text][\/vc_column][\/vc_row][vc_row type=&#8221;1&#8243; margin_bottom=&#8221;-50px&#8221; full_width_row=&#8221;true&#8221; bg_color=&#8221;rgba(0,0,0,0.01)&#8221; bg_position=&#8221;center&#8221; bg_cover=&#8221;true&#8221; css=&#8221;.vc_custom_1474910542368{margin-bottom: -50px !important;}&#8221; bg_image=&#8221;http:\/\/captive.ro\/wp-content\/uploads\/2016\/09\/2016-09-26-4-1.png&#8221;][vc_column][vc_column_text]<\/p>\n<p style=\"text-align: center;\"><img loading=\"lazy\" class=\"alignnone size-full wp-image-27\" src=\"http:\/\/captive.ro\/wp-content\/uploads\/2016\/09\/captivelogodown.png\" alt=\"Captive\" width=\"100\" height=\"51\" \/><\/p>\n<p>[\/vc_column_text][\/vc_column][\/vc_row]<br \/>\n<script id=\"Cookiebot\" src=\"https:\/\/consent.cookiebot.com\/uc.js\" data-cbid=\"8fb167b0-1426-49c8-83d4-c0e6f2654cee\" type=\"text\/javascript\" async><\/script><\/p>","protected":false},"excerpt":{"rendered":"<p>[vc_row][vc_column][vc_column_text] Politica privind supravegherea prin mijloace video &nbsp; A punctului de lucru situat in Bucuresti, sector 2, str. Sergent Nastase Pamfil, nr. 38, etaj 2. REFERIN\u0162E NORMATIVE SI CONDITII DE LEGITIMITATE a) Legea nr. 333 din 8 iulie 2003 privind paza obiectivelor, bunurilor, valorilor \u015fi protec\u0163ia persoanelor, cu modific\u0103rile \u015fi complet\u0103rile ulterioare; b) Hot\u0103r\u00e2rea nr.&hellip;<\/p>\n","protected":false},"author":4,"featured_media":0,"parent":0,"menu_order":0,"comment_status":"closed","ping_status":"closed","template":"template-microsite.php","meta":[],"yoast_head":"<!-- This site is optimized with the Yoast SEO plugin v15.7 - https:\/\/yoast.com\/wordpress\/plugins\/seo\/ -->\n<title>Politica privind supravegherea prin mijloace video - Captive Escape Room<\/title>\n<meta name=\"robots\" content=\"index, follow, max-snippet:-1, max-image-preview:large, max-video-preview:-1\" \/>\n<link rel=\"canonical\" href=\"https:\/\/captive.ro\/politica-privind-supravegherea-prin-mijloace-video\/\" \/>\n<meta property=\"og:locale\" content=\"en_US\" \/>\n<meta property=\"og:type\" content=\"article\" \/>\n<meta property=\"og:title\" content=\"Politica privind supravegherea prin mijloace video - Captive Escape Room\" \/>\n<meta property=\"og:description\" content=\"[vc_row][vc_column][vc_column_text] Politica privind supravegherea prin mijloace video &nbsp; A punctului de lucru situat in Bucuresti, sector 2, str. Sergent Nastase Pamfil, nr. 38, etaj 2. REFERIN\u0162E NORMATIVE SI CONDITII DE LEGITIMITATE a) Legea nr. 333 din 8 iulie 2003 privind paza obiectivelor, bunurilor, valorilor \u015fi protec\u0163ia persoanelor, cu modific\u0103rile \u015fi complet\u0103rile ulterioare; b) Hot\u0103r\u00e2rea nr.&hellip;\" \/>\n<meta property=\"og:url\" content=\"https:\/\/captive.ro\/politica-privind-supravegherea-prin-mijloace-video\/\" \/>\n<meta property=\"og:site_name\" content=\"Captive Escape Room\" \/>\n<meta property=\"article:publisher\" content=\"https:\/\/www.facebook.com\/captiveromania\/\" \/>\n<meta property=\"article:modified_time\" content=\"2018-07-05T08:05:00+00:00\" \/>\n<meta property=\"og:image\" content=\"http:\/\/captive.ro\/wp-content\/uploads\/2016\/09\/captivelogodown.png\" \/>\n<meta name=\"twitter:card\" content=\"summary\" \/>\n<meta name=\"twitter:label1\" content=\"Est. reading time\">\n\t<meta name=\"twitter:data1\" content=\"25 minutes\">\n<script type=\"application\/ld+json\" class=\"yoast-schema-graph\">{\"@context\":\"https:\/\/schema.org\",\"@graph\":[{\"@type\":\"Organization\",\"@id\":\"https:\/\/captive.ro\/#organization\",\"name\":\"Captive Escape Room\",\"url\":\"https:\/\/captive.ro\/\",\"sameAs\":[\"https:\/\/www.facebook.com\/captiveromania\/\",\"https:\/\/www.instagram.com\/captive_escape_room\/\",\"https:\/\/www.linkedin.com\/company\/captive-escape-room?trk=biz-brand-tree-co-name\"],\"logo\":{\"@type\":\"ImageObject\",\"@id\":\"https:\/\/captive.ro\/#logo\",\"inLanguage\":\"en-US\",\"url\":\"https:\/\/captive.ro\/wp-content\/uploads\/2016\/09\/152-1.jpg\",\"width\":152,\"height\":152,\"caption\":\"Captive Escape Room\"},\"image\":{\"@id\":\"https:\/\/captive.ro\/#logo\"}},{\"@type\":\"WebSite\",\"@id\":\"https:\/\/captive.ro\/#website\",\"url\":\"https:\/\/captive.ro\/\",\"name\":\"Captive Escape Room\",\"description\":\"The most popular escape room in Bucharest\",\"publisher\":{\"@id\":\"https:\/\/captive.ro\/#organization\"},\"potentialAction\":[{\"@type\":\"SearchAction\",\"target\":\"https:\/\/captive.ro\/?s={search_term_string}\",\"query-input\":\"required name=search_term_string\"}],\"inLanguage\":\"en-US\"},{\"@type\":\"ImageObject\",\"@id\":\"https:\/\/captive.ro\/politica-privind-supravegherea-prin-mijloace-video\/#primaryimage\",\"inLanguage\":\"en-US\",\"url\":\"http:\/\/captive.ro\/wp-content\/uploads\/2016\/09\/captivelogodown.png\"},{\"@type\":\"WebPage\",\"@id\":\"https:\/\/captive.ro\/politica-privind-supravegherea-prin-mijloace-video\/#webpage\",\"url\":\"https:\/\/captive.ro\/politica-privind-supravegherea-prin-mijloace-video\/\",\"name\":\"Politica privind supravegherea prin mijloace video - Captive Escape Room\",\"isPartOf\":{\"@id\":\"https:\/\/captive.ro\/#website\"},\"primaryImageOfPage\":{\"@id\":\"https:\/\/captive.ro\/politica-privind-supravegherea-prin-mijloace-video\/#primaryimage\"},\"datePublished\":\"2018-07-05T08:01:52+00:00\",\"dateModified\":\"2018-07-05T08:05:00+00:00\",\"inLanguage\":\"en-US\",\"potentialAction\":[{\"@type\":\"ReadAction\",\"target\":[\"https:\/\/captive.ro\/politica-privind-supravegherea-prin-mijloace-video\/\"]}]}]}<\/script>\n<!-- \/ Yoast SEO plugin. -->","_links":{"self":[{"href":"https:\/\/captive.ro\/en\/wp-json\/wp\/v2\/pages\/1255"}],"collection":[{"href":"https:\/\/captive.ro\/en\/wp-json\/wp\/v2\/pages"}],"about":[{"href":"https:\/\/captive.ro\/en\/wp-json\/wp\/v2\/types\/page"}],"author":[{"embeddable":true,"href":"https:\/\/captive.ro\/en\/wp-json\/wp\/v2\/users\/4"}],"replies":[{"embeddable":true,"href":"https:\/\/captive.ro\/en\/wp-json\/wp\/v2\/comments?post=1255"}],"version-history":[{"count":0,"href":"https:\/\/captive.ro\/en\/wp-json\/wp\/v2\/pages\/1255\/revisions"}],"wp:attachment":[{"href":"https:\/\/captive.ro\/en\/wp-json\/wp\/v2\/media?parent=1255"}],"curies":[{"name":"wp","href":"https:\/\/api.w.org\/{rel}","templated":true}]}}